{"id":36,"date":"2023-08-22T16:00:29","date_gmt":"2023-08-22T20:00:29","guid":{"rendered":"https:\/\/transcampeao.com.br\/?page_id=36"},"modified":"2024-01-07T17:37:36","modified_gmt":"2024-01-07T21:37:36","slug":"servicos","status":"publish","type":"page","link":"https:\/\/www.transcampeao.com.br\/?page_id=36","title":{"rendered":"Servi\u00e7os"},"content":{"rendered":"\n<hr class=\"wp-block-separator has-alpha-channel-opacity\"\/>\n\n\n\n<div class=\"wp-block-columns is-layout-flex wp-container-core-columns-is-layout-9d6595d7 wp-block-columns-is-layout-flex\">\n<div class=\"wp-block-column is-layout-flow wp-block-column-is-layout-flow\">\n<h2 class=\"wp-block-heading alignwide has-text-align-center\" id=\"we-re-a-studio-in-berlin-with-an-international-practice-in-architecture-urban-planning-and-interior-design-we-believe-in-sharing-knowledge-and-promoting-dialogue-to-increase-the-creative-potential-of-collaboration\" style=\"font-size:48px;line-height:1.1\">Nossos Servi\u00e7os<\/h2>\n<\/div>\n<\/div>\n\n\n\n<div class=\"wp-block-columns is-layout-flex wp-container-core-columns-is-layout-9d6595d7 wp-block-columns-is-layout-flex\">\n<div class=\"wp-block-column has-background is-layout-flow wp-block-column-is-layout-flow\" style=\"background-color:#d1d0d0\">\n<div class=\"wp-block-columns is-layout-flex wp-container-core-columns-is-layout-9d6595d7 wp-block-columns-is-layout-flex\">\n<div class=\"wp-block-column is-layout-flow wp-block-column-is-layout-flow\" id=\"Armazenamento\">\n<h2 class=\"wp-block-heading alignwide\" id=\"we-re-a-studio-in-berlin-with-an-international-practice-in-architecture-urban-planning-and-interior-design-we-believe-in-sharing-knowledge-and-promoting-dialogue-to-increase-the-creative-potential-of-collaboration\" style=\"font-size:48px;line-height:1.1\"><strong>Armazenamento<\/strong><\/h2>\n<\/div>\n<\/div>\n\n\n\n<div class=\"wp-block-columns is-layout-flex wp-container-core-columns-is-layout-9d6595d7 wp-block-columns-is-layout-flex\">\n<div class=\"wp-block-column is-layout-flow wp-block-column-is-layout-flow\" style=\"flex-basis:33.33%\"><div class=\"wp-block-image\">\n<figure class=\"aligncenter size-full is-resized\"><img loading=\"lazy\" decoding=\"async\" width=\"500\" height=\"561\" src=\"https:\/\/www.transcampeao.com.br\/wp-content\/uploads\/2023\/11\/armazenamento.jpg\" alt=\"\" class=\"wp-image-159\" style=\"width:441px;height:495px\" srcset=\"https:\/\/www.transcampeao.com.br\/wp-content\/uploads\/2023\/11\/armazenamento.jpg 500w, https:\/\/www.transcampeao.com.br\/wp-content\/uploads\/2023\/11\/armazenamento-267x300.jpg 267w\" sizes=\"auto, (max-width: 500px) 100vw, 500px\" \/><\/figure>\n<\/div><\/div>\n\n\n\n<div class=\"wp-block-column is-layout-flow wp-block-column-is-layout-flow\" style=\"flex-basis:66.66%\">\n<p>Com uma hist\u00f3ria s\u00f3lida e muitos anos de experi\u00eancia no ramo de transporte, a Transcampe\u00e3o orgulha-se de oferecer um servi\u00e7o de armazenagem de excel\u00eancia. Entre nossas principais destaques no armazenamento contamos com:<\/p>\n\n\n\n<ol class=\"wp-block-list\">\n<li><strong>Localiza\u00e7\u00e3o Estrat\u00e9gica:<\/strong> Estamos estrategicamente posicionados no centro de Mato Grosso, a poucos quil\u00f4metros da capital Cuiab\u00e1. Isso nos proporciona uma vantagem log\u00edstica \u00edmpar, facilitando a distribui\u00e7\u00e3o eficiente de mercadorias para todo o estado.<\/li>\n\n\n\n<li><strong>Ampla Experi\u00eancia:<\/strong> Com anos de experi\u00eancia no setor de transporte e log\u00edstica, entendemos a import\u00e2ncia crucial de um armazenamento seguro e eficiente para o sucesso das opera\u00e7\u00f5es de nossos clientes.<\/li>\n\n\n\n<li><strong>Instala\u00e7\u00f5es Modernas e Seguras:<\/strong> Contamos com instala\u00e7\u00f5es de \u00faltima gera\u00e7\u00e3o, projetadas para atender \u00e0s necessidades espec\u00edficas de armazenagem de uma variedade de produtos. Nossas instala\u00e7\u00f5es s\u00e3o monitoradas 24 horas por dia, proporcionando um ambiente seguro para suas mercadorias.<\/li>\n\n\n\n<li><strong>Equipe Especializada:<\/strong> Nossa equipe altamente treinada e dedicada est\u00e1 preparada para gerenciar e cuidar de seus produtos com o m\u00e1ximo de cuidado e profissionalismo. Entendemos a import\u00e2ncia de manter a integridade e qualidade de suas mercadorias.<\/li>\n\n\n\n<li><strong>Solu\u00e7\u00f5es Personalizadas:<\/strong> Reconhecemos que cada cliente tem necessidades \u00fanicas. Por isso, oferecemos solu\u00e7\u00f5es de armazenagem personalizadas, adaptadas ao seu tipo de carga e requisitos espec\u00edficos.<\/li>\n<\/ol>\n<\/div>\n<\/div>\n<\/div>\n<\/div>\n\n\n\n<hr class=\"wp-block-separator has-alpha-channel-opacity\"\/>\n\n\n\n<div class=\"wp-block-columns is-layout-flex wp-container-core-columns-is-layout-9d6595d7 wp-block-columns-is-layout-flex\">\n<div class=\"wp-block-column is-layout-flow wp-block-column-is-layout-flow\">\n<div class=\"wp-block-columns is-layout-flex wp-container-core-columns-is-layout-9d6595d7 wp-block-columns-is-layout-flex\">\n<div class=\"wp-block-column is-layout-flow wp-block-column-is-layout-flow\">\n<div class=\"wp-block-columns is-layout-flex wp-container-core-columns-is-layout-9d6595d7 wp-block-columns-is-layout-flex\">\n<div class=\"wp-block-column is-layout-flow wp-block-column-is-layout-flow\">\n<div class=\"wp-block-group\"><div class=\"wp-block-group__inner-container is-layout-constrained wp-block-group-is-layout-constrained\">\n<div class=\"wp-block-columns is-layout-flex wp-container-core-columns-is-layout-9d6595d7 wp-block-columns-is-layout-flex\">\n<div class=\"wp-block-column is-layout-flow wp-block-column-is-layout-flow\">\n<h2 class=\"wp-block-heading alignwide\" id=\"we-re-a-studio-in-berlin-with-an-international-practice-in-architecture-urban-planning-and-interior-design-we-believe-in-sharing-knowledge-and-promoting-dialogue-to-increase-the-creative-potential-of-collaboration\" style=\"font-size:48px;line-height:1.1\"><strong>Distribui\u00e7\u00e3o<\/strong><\/h2>\n<\/div>\n<\/div>\n<\/div><\/div>\n\n\n\n<div class=\"wp-block-columns is-layout-flex wp-container-core-columns-is-layout-9d6595d7 wp-block-columns-is-layout-flex\">\n<div class=\"wp-block-column is-layout-flow wp-block-column-is-layout-flow\">\n<div class=\"wp-block-columns is-layout-flex wp-container-core-columns-is-layout-9d6595d7 wp-block-columns-is-layout-flex\">\n<div class=\"wp-block-column is-layout-flow wp-block-column-is-layout-flow\" style=\"flex-basis:66.66%\">\n<p>Na Transcampe\u00e3o, compreendemos que a distribui\u00e7\u00e3o \u00e9 a espinha dorsal de qualquer opera\u00e7\u00e3o log\u00edstica eficaz. Com nossa base no cora\u00e7\u00e3o de Mato Grosso, pr\u00f3xima \u00e0 capital Cuiab\u00e1, estamos posicionados para otimizar o fluxo de seus produtos de forma \u00e1gil e eficiente. Temos para isso:<\/p>\n\n\n\n<ol class=\"wp-block-list\">\n<li><strong>Rotas Otimizadas e Conectadas:<\/strong> Nossa localiza\u00e7\u00e3o estrat\u00e9gica nos permite acesso r\u00e1pido a uma rede abrangente de rotas de distribui\u00e7\u00e3o que abra\u00e7a todo o estado. Isso significa entregas mais r\u00e1pidas e menor tempo de tr\u00e2nsito.<\/li>\n\n\n\n<li><strong>Variedade de Ve\u00edculos Modernos:<\/strong> Dispomos de uma frota diversificada, equipada com tecnologia de ponta para rastreamento e monitoramento. Isso nos capacita a fornecer solu\u00e7\u00f5es de distribui\u00e7\u00e3o flex\u00edveis para uma ampla gama de tipos e tamanhos de carga.<\/li>\n\n\n\n<li><strong>Equipe Especializada em Log\u00edstica:<\/strong> Nossa equipe altamente treinada \u00e9 especializada em garantir que cada etapa do processo de distribui\u00e7\u00e3o seja realizada com precis\u00e3o e efici\u00eancia. Cada envio \u00e9 tratado com o m\u00e1ximo de cuidado.<\/li>\n\n\n\n<li><strong>Visibilidade em Tempo Real:<\/strong> Mantemos nossos clientes atualizados em tempo real sobre o status e a localiza\u00e7\u00e3o de suas remessas. Isso proporciona uma vis\u00e3o completa e a confian\u00e7a de que suas opera\u00e7\u00f5es est\u00e3o sob controle.<\/li>\n\n\n\n<li><strong>Solu\u00e7\u00f5es Flex\u00edveis de Distribui\u00e7\u00e3o:<\/strong> Reconhecemos que cada cliente possui necessidades \u00fanicas. Por isso, oferecemos solu\u00e7\u00f5es de distribui\u00e7\u00e3o personalizadas, adaptadas ao seu cronograma, volume e requisitos espec\u00edficos.<\/li>\n<\/ol>\n<\/div>\n\n\n\n<div class=\"wp-block-column is-layout-flow wp-block-column-is-layout-flow\" style=\"flex-basis:33.33%\">\n<figure class=\"wp-block-image size-full\"><img loading=\"lazy\" decoding=\"async\" width=\"460\" height=\"560\" src=\"https:\/\/www.transcampeao.com.br\/wp-content\/uploads\/2023\/11\/distribuicao.jpg\" alt=\"\" class=\"wp-image-162\" srcset=\"https:\/\/www.transcampeao.com.br\/wp-content\/uploads\/2023\/11\/distribuicao.jpg 460w, https:\/\/www.transcampeao.com.br\/wp-content\/uploads\/2023\/11\/distribuicao-246x300.jpg 246w, https:\/\/www.transcampeao.com.br\/wp-content\/uploads\/2023\/11\/distribuicao-270x330.jpg 270w\" sizes=\"auto, (max-width: 460px) 100vw, 460px\" \/><\/figure>\n<\/div>\n<\/div>\n<\/div>\n<\/div>\n<\/div>\n<\/div>\n<\/div>\n<\/div>\n<\/div>\n<\/div>\n\n\n\n<hr class=\"wp-block-separator has-alpha-channel-opacity\"\/>\n\n\n\n<div class=\"wp-block-columns has-background is-layout-flex wp-container-core-columns-is-layout-9d6595d7 wp-block-columns-is-layout-flex\" style=\"background-color:#d1d0d0\">\n<div class=\"wp-block-column is-layout-flow wp-block-column-is-layout-flow\">\n<div class=\"wp-block-columns is-layout-flex wp-container-core-columns-is-layout-9d6595d7 wp-block-columns-is-layout-flex\">\n<div class=\"wp-block-column is-layout-flow wp-block-column-is-layout-flow\">\n<h2 class=\"wp-block-heading alignwide\" id=\"we-re-a-studio-in-berlin-with-an-international-practice-in-architecture-urban-planning-and-interior-design-we-believe-in-sharing-knowledge-and-promoting-dialogue-to-increase-the-creative-potential-of-collaboration\" style=\"font-size:48px;line-height:1.1\">Transporte<\/h2>\n<\/div>\n<\/div>\n\n\n\n<div class=\"wp-block-columns is-layout-flex wp-container-core-columns-is-layout-9d6595d7 wp-block-columns-is-layout-flex\">\n<div class=\"wp-block-column is-layout-flow wp-block-column-is-layout-flow\" style=\"flex-basis:33.33%\">\n<figure class=\"wp-block-image size-full\"><img loading=\"lazy\" decoding=\"async\" width=\"472\" height=\"639\" src=\"https:\/\/www.transcampeao.com.br\/wp-content\/uploads\/2023\/11\/transportadora.jpg\" alt=\"\" class=\"wp-image-167\" srcset=\"https:\/\/www.transcampeao.com.br\/wp-content\/uploads\/2023\/11\/transportadora.jpg 472w, https:\/\/www.transcampeao.com.br\/wp-content\/uploads\/2023\/11\/transportadora-222x300.jpg 222w\" sizes=\"auto, (max-width: 472px) 100vw, 472px\" \/><\/figure>\n<\/div>\n\n\n\n<div class=\"wp-block-column is-layout-flow wp-block-column-is-layout-flow\" style=\"flex-basis:66.66%\">\n<p>Na Transcampe\u00e3o, acreditamos que o transporte eficaz \u00e9 a espinha dorsal de qualquer opera\u00e7\u00e3o log\u00edstica bem-sucedida. Estamos prontos para levar seus produtos ao seu destino com seguran\u00e7a e efici\u00eancia. Temos para isso:<\/p>\n\n\n\n<ol class=\"wp-block-list\">\n<li><strong>Frota Diversificada e Moderna:<\/strong> Possu\u00edmos uma frota variada de ve\u00edculos equipados com tecnologia de ponta. Isso nos permite atender a uma ampla gama de necessidades de transporte, desde cargas leves at\u00e9 mercadorias de grande porte.<\/li>\n\n\n\n<li><strong>Equipe de Motoristas Experientes:<\/strong> Nossos motoristas s\u00e3o profissionais experientes e treinados para garantir que suas mercadorias cheguem ao destino final de forma segura e dentro do prazo.<\/li>\n\n\n\n<li><strong>Rastreamento em Tempo Real:<\/strong> Mantemos nossos clientes informados sobre o status e a localiza\u00e7\u00e3o de suas remessas em tempo real. Isso oferece tranquilidade e confian\u00e7a ao planejar suas opera\u00e7\u00f5es.<\/li>\n\n\n\n<li><strong>Compromisso com a Seguran\u00e7a:<\/strong> A seguran\u00e7a das suas mercadorias \u00e9 nossa prioridade. Implementamos medidas rigorosas para garantir que suas remessas sejam protegidas durante todo o percurso.<\/li>\n\n\n\n<li><strong>Solu\u00e7\u00f5es de Transporte Personalizadas:<\/strong> Reconhecemos que cada cliente tem necessidades \u00fanicas. Oferecemos solu\u00e7\u00f5es de transporte adaptadas \u00e0s especificidades da sua carga e aos requisitos do seu neg\u00f3cio.<\/li>\n<\/ol>\n<\/div>\n<\/div>\n<\/div>\n<\/div>\n\n\n\n<div class=\"wp-block-columns is-layout-flex wp-container-core-columns-is-layout-9d6595d7 wp-block-columns-is-layout-flex\">\n<div class=\"wp-block-column is-layout-flow wp-block-column-is-layout-flow\">\n<div class=\"wp-block-group\"><div class=\"wp-block-group__inner-container is-layout-constrained wp-block-group-is-layout-constrained\">\n<div class=\"wp-block-columns is-layout-flex wp-container-core-columns-is-layout-9d6595d7 wp-block-columns-is-layout-flex\">\n<div class=\"wp-block-column is-layout-flow wp-block-column-is-layout-flow\">\n<h2 class=\"wp-block-heading alignwide\" id=\"we-re-a-studio-in-berlin-with-an-international-practice-in-architecture-urban-planning-and-interior-design-we-believe-in-sharing-knowledge-and-promoting-dialogue-to-increase-the-creative-potential-of-collaboration\" style=\"font-size:48px;line-height:1.1\"><strong>Cidades Atendidas<\/strong><\/h2>\n<\/div>\n<\/div>\n<\/div><\/div>\n\n\n\n<div class=\"wp-block-columns is-layout-flex wp-container-core-columns-is-layout-9d6595d7 wp-block-columns-is-layout-flex\">\n<div class=\"wp-block-column is-layout-flow wp-block-column-is-layout-flow\">\n<div class=\"wp-block-columns is-layout-flex wp-container-core-columns-is-layout-9d6595d7 wp-block-columns-is-layout-flex\">\n<div class=\"wp-block-column is-layout-flow wp-block-column-is-layout-flow\" style=\"flex-basis:66.66%\">\n<p>Nossa transportadora tem orgulho de atender as principais cidades do estado de Mato Grosso. Com uma \u00e1rea de 906.806 km\u00b2, que corresponde a mais de 10% da \u00e1rea total do Brasil, nosso compromisso \u00e9 garantir que nossos clientes estejam sempre satisfeitos. Gra\u00e7as \u00e0s nossas valiosas parcerias, conseguimos alcan\u00e7ar muitos lugares em toda essa imensa regi\u00e3o, demonstrando nosso foco em servir bem nossos clientes.<\/p>\n\n\n\n<p> Com destaque nas cidades de:<\/p>\n\n\n\n<ol class=\"wp-block-list\">\n<li><strong>Regi\u00e3o Centro-Sul:<\/strong> Onde temos nossa base e concentra a principal regi\u00e3o do estado tendo a capital Cuiab\u00e1 e V\u00e1rzea Grande, al\u00e9m das cidades de Tangar\u00e1 da Serra, Pocon\u00e9 e Nobres Rosario Oeste entre outras cidades Atendidas.<\/li>\n\n\n\n<li><strong>Regi\u00e3o Sudeste:<\/strong> \u00c9 a principal regi\u00e3o de para integra\u00e7\u00e3o de Mato Grosso com o Brasil, atendemos as cidade principais entre elas: Rondon\u00f3polis, Barra do Gar\u00e7as e Primavera do Leste alem de outras cidades.<\/li>\n\n\n\n<li><strong>M\u00e9dio Norte:<\/strong> Esta regi\u00e3o \u00e9 uma das principais da que tem os maiores polos agro-industiais de Mato Grosso as cidades Sinop, Sorriso e Lucas do Rio Verde, Nova Mutum al\u00e9m de outras est\u00e3o tamb\u00e9m em nosso alcance.<\/li>\n\n\n\n<li><strong>Regi\u00e3o Oeste:<\/strong> Atendemos as principais cidades como C\u00e1ceres, Pontes, Lacerda, Sapezal, Mirassol D\u2019Oeste, Comodoro entre outra cidades.<\/li>\n\n\n\n<li><strong>Regi\u00e3o Noroeste:<\/strong> Atendemos as cidades de Colniza, Juara, Ju\u00edna, Brasnorte, entre outras cidades.<\/li>\n\n\n\n<li><strong>Regi\u00e3o Norte:<\/strong> Atendemos as cidades de Alta Floresta, Col\u00edder Matup\u00e1, Novo Mundo, entre outras cidades.<\/li>\n\n\n\n<li><strong>Regi\u00e3o Nordeste:<\/strong> Atendemos as cidades de : \u00c1gua Boa, Vila Rica, Novo Mundo, Nova Xavantina, Canarana entre outras cidades.<\/li>\n<\/ol>\n<\/div>\n\n\n\n<div class=\"wp-block-column is-layout-flow wp-block-column-is-layout-flow\" style=\"flex-basis:33.33%\">\n<figure class=\"wp-block-image size-full is-resized\"><img loading=\"lazy\" decoding=\"async\" width=\"589\" height=\"739\" src=\"https:\/\/www.transcampeao.com.br\/wp-content\/uploads\/2023\/11\/cuiaba.png\" alt=\"\" class=\"wp-image-225\" style=\"width:422px;height:566px\" srcset=\"https:\/\/www.transcampeao.com.br\/wp-content\/uploads\/2023\/11\/cuiaba.png 589w, https:\/\/www.transcampeao.com.br\/wp-content\/uploads\/2023\/11\/cuiaba-239x300.png 239w\" sizes=\"auto, (max-width: 589px) 100vw, 589px\" \/><\/figure>\n<\/div>\n<\/div>\n<\/div>\n<\/div>\n<\/div>\n<\/div>\n","protected":false},"excerpt":{"rendered":"<p>Nossos Servi\u00e7os Armazenamento Com uma hist\u00f3ria s\u00f3lida e muitos anos de experi\u00eancia no ramo de transporte, a Transcampe\u00e3o orgulha-se de oferecer um servi\u00e7o de armazenagem de excel\u00eancia. Entre nossas principais destaques no armazenamento contamos com: Distribui\u00e7\u00e3o Na Transcampe\u00e3o, compreendemos que a distribui\u00e7\u00e3o \u00e9 a espinha dorsal de qualquer opera\u00e7\u00e3o log\u00edstica eficaz. Com nossa base no [&hellip;]<\/p>\n","protected":false},"author":1,"featured_media":55,"parent":0,"menu_order":0,"comment_status":"closed","ping_status":"closed","template":"","meta":{"footnotes":""},"class_list":["post-36","page","type-page","status-publish","has-post-thumbnail","hentry"],"yoast_head":"<!-- This site is optimized with the Yoast SEO plugin v21.7 - https:\/\/yoast.com\/wordpress\/plugins\/seo\/ -->\n<title>Servi\u00e7os - Transcampeao<\/title>\n<meta name=\"robots\" content=\"index, follow, max-snippet:-1, max-image-preview:large, max-video-preview:-1\" \/>\n<link rel=\"canonical\" href=\"https:\/\/www.transcampeao.com.br\/?page_id=36\" \/>\n<meta property=\"og:locale\" content=\"pt_BR\" \/>\n<meta property=\"og:type\" content=\"article\" \/>\n<meta property=\"og:title\" content=\"Servi\u00e7os - Transcampeao\" \/>\n<meta property=\"og:description\" content=\"Nossos Servi\u00e7os Armazenamento Com uma hist\u00f3ria s\u00f3lida e muitos anos de experi\u00eancia no ramo de transporte, a Transcampe\u00e3o orgulha-se de oferecer um servi\u00e7o de armazenagem de excel\u00eancia. Entre nossas principais destaques no armazenamento contamos com: Distribui\u00e7\u00e3o Na Transcampe\u00e3o, compreendemos que a distribui\u00e7\u00e3o \u00e9 a espinha dorsal de qualquer opera\u00e7\u00e3o log\u00edstica eficaz. Com nossa base no [&hellip;]\" \/>\n<meta property=\"og:url\" content=\"https:\/\/www.transcampeao.com.br\/?page_id=36\" \/>\n<meta property=\"og:site_name\" content=\"Transcampeao\" \/>\n<meta property=\"article:modified_time\" content=\"2024-01-07T21:37:36+00:00\" \/>\n<meta property=\"og:image\" content=\"https:\/\/www.transcampeao.com.br\/wp-content\/uploads\/2023\/08\/f-bg3.jpg\" \/>\n\t<meta property=\"og:image:width\" content=\"1925\" \/>\n\t<meta property=\"og:image:height\" content=\"573\" \/>\n\t<meta property=\"og:image:type\" content=\"image\/jpeg\" \/>\n<meta name=\"twitter:card\" content=\"summary_large_image\" \/>\n<meta name=\"twitter:label1\" content=\"Est. tempo de leitura\" \/>\n\t<meta name=\"twitter:data1\" content=\"5 minutos\" \/>\n<script type=\"application\/ld+json\" class=\"yoast-schema-graph\">{\"@context\":\"https:\/\/schema.org\",\"@graph\":[{\"@type\":\"WebPage\",\"@id\":\"https:\/\/www.transcampeao.com.br\/?page_id=36\",\"url\":\"https:\/\/www.transcampeao.com.br\/?page_id=36\",\"name\":\"Servi\u00e7os - Transcampeao\",\"isPartOf\":{\"@id\":\"https:\/\/www.transcampeao.com.br\/#website\"},\"datePublished\":\"2023-08-22T20:00:29+00:00\",\"dateModified\":\"2024-01-07T21:37:36+00:00\",\"breadcrumb\":{\"@id\":\"https:\/\/www.transcampeao.com.br\/?page_id=36#breadcrumb\"},\"inLanguage\":\"pt-BR\",\"potentialAction\":[{\"@type\":\"ReadAction\",\"target\":[\"https:\/\/www.transcampeao.com.br\/?page_id=36\"]}]},{\"@type\":\"BreadcrumbList\",\"@id\":\"https:\/\/www.transcampeao.com.br\/?page_id=36#breadcrumb\",\"itemListElement\":[{\"@type\":\"ListItem\",\"position\":1,\"name\":\"In\u00edcio\",\"item\":\"https:\/\/www.transcampeao.com.br\/\"},{\"@type\":\"ListItem\",\"position\":2,\"name\":\"Servi\u00e7os\"}]},{\"@type\":\"WebSite\",\"@id\":\"https:\/\/www.transcampeao.com.br\/#website\",\"url\":\"https:\/\/www.transcampeao.com.br\/\",\"name\":\"Transcampeao\",\"description\":\"Transportadora Campe\u00e3o\",\"publisher\":{\"@id\":\"https:\/\/www.transcampeao.com.br\/#organization\"},\"potentialAction\":[{\"@type\":\"SearchAction\",\"target\":{\"@type\":\"EntryPoint\",\"urlTemplate\":\"https:\/\/www.transcampeao.com.br\/?s={search_term_string}\"},\"query-input\":\"required name=search_term_string\"}],\"inLanguage\":\"pt-BR\"},{\"@type\":\"Organization\",\"@id\":\"https:\/\/www.transcampeao.com.br\/#organization\",\"name\":\"Transcampeao\",\"url\":\"https:\/\/www.transcampeao.com.br\/\",\"logo\":{\"@type\":\"ImageObject\",\"inLanguage\":\"pt-BR\",\"@id\":\"https:\/\/www.transcampeao.com.br\/#\/schema\/logo\/image\/\",\"url\":\"https:\/\/www.transcampeao.com.br\/wp-content\/uploads\/2023\/08\/Transcampeao.png\",\"contentUrl\":\"https:\/\/www.transcampeao.com.br\/wp-content\/uploads\/2023\/08\/Transcampeao.png\",\"width\":983,\"height\":371,\"caption\":\"Transcampeao\"},\"image\":{\"@id\":\"https:\/\/www.transcampeao.com.br\/#\/schema\/logo\/image\/\"}}]}<\/script>\n<!-- \/ Yoast SEO plugin. -->","yoast_head_json":{"title":"Servi\u00e7os - Transcampeao","robots":{"index":"index","follow":"follow","max-snippet":"max-snippet:-1","max-image-preview":"max-image-preview:large","max-video-preview":"max-video-preview:-1"},"canonical":"https:\/\/www.transcampeao.com.br\/?page_id=36","og_locale":"pt_BR","og_type":"article","og_title":"Servi\u00e7os - Transcampeao","og_description":"Nossos Servi\u00e7os Armazenamento Com uma hist\u00f3ria s\u00f3lida e muitos anos de experi\u00eancia no ramo de transporte, a Transcampe\u00e3o orgulha-se de oferecer um servi\u00e7o de armazenagem de excel\u00eancia. Entre nossas principais destaques no armazenamento contamos com: Distribui\u00e7\u00e3o Na Transcampe\u00e3o, compreendemos que a distribui\u00e7\u00e3o \u00e9 a espinha dorsal de qualquer opera\u00e7\u00e3o log\u00edstica eficaz. Com nossa base no [&hellip;]","og_url":"https:\/\/www.transcampeao.com.br\/?page_id=36","og_site_name":"Transcampeao","article_modified_time":"2024-01-07T21:37:36+00:00","og_image":[{"width":1925,"height":573,"url":"https:\/\/www.transcampeao.com.br\/wp-content\/uploads\/2023\/08\/f-bg3.jpg","type":"image\/jpeg"}],"twitter_card":"summary_large_image","twitter_misc":{"Est. tempo de leitura":"5 minutos"},"schema":{"@context":"https:\/\/schema.org","@graph":[{"@type":"WebPage","@id":"https:\/\/www.transcampeao.com.br\/?page_id=36","url":"https:\/\/www.transcampeao.com.br\/?page_id=36","name":"Servi\u00e7os - Transcampeao","isPartOf":{"@id":"https:\/\/www.transcampeao.com.br\/#website"},"datePublished":"2023-08-22T20:00:29+00:00","dateModified":"2024-01-07T21:37:36+00:00","breadcrumb":{"@id":"https:\/\/www.transcampeao.com.br\/?page_id=36#breadcrumb"},"inLanguage":"pt-BR","potentialAction":[{"@type":"ReadAction","target":["https:\/\/www.transcampeao.com.br\/?page_id=36"]}]},{"@type":"BreadcrumbList","@id":"https:\/\/www.transcampeao.com.br\/?page_id=36#breadcrumb","itemListElement":[{"@type":"ListItem","position":1,"name":"In\u00edcio","item":"https:\/\/www.transcampeao.com.br\/"},{"@type":"ListItem","position":2,"name":"Servi\u00e7os"}]},{"@type":"WebSite","@id":"https:\/\/www.transcampeao.com.br\/#website","url":"https:\/\/www.transcampeao.com.br\/","name":"Transcampeao","description":"Transportadora Campe\u00e3o","publisher":{"@id":"https:\/\/www.transcampeao.com.br\/#organization"},"potentialAction":[{"@type":"SearchAction","target":{"@type":"EntryPoint","urlTemplate":"https:\/\/www.transcampeao.com.br\/?s={search_term_string}"},"query-input":"required name=search_term_string"}],"inLanguage":"pt-BR"},{"@type":"Organization","@id":"https:\/\/www.transcampeao.com.br\/#organization","name":"Transcampeao","url":"https:\/\/www.transcampeao.com.br\/","logo":{"@type":"ImageObject","inLanguage":"pt-BR","@id":"https:\/\/www.transcampeao.com.br\/#\/schema\/logo\/image\/","url":"https:\/\/www.transcampeao.com.br\/wp-content\/uploads\/2023\/08\/Transcampeao.png","contentUrl":"https:\/\/www.transcampeao.com.br\/wp-content\/uploads\/2023\/08\/Transcampeao.png","width":983,"height":371,"caption":"Transcampeao"},"image":{"@id":"https:\/\/www.transcampeao.com.br\/#\/schema\/logo\/image\/"}}]}},"_links":{"self":[{"href":"https:\/\/www.transcampeao.com.br\/index.php?rest_route=\/wp\/v2\/pages\/36","targetHints":{"allow":["GET"]}}],"collection":[{"href":"https:\/\/www.transcampeao.com.br\/index.php?rest_route=\/wp\/v2\/pages"}],"about":[{"href":"https:\/\/www.transcampeao.com.br\/index.php?rest_route=\/wp\/v2\/types\/page"}],"author":[{"embeddable":true,"href":"https:\/\/www.transcampeao.com.br\/index.php?rest_route=\/wp\/v2\/users\/1"}],"replies":[{"embeddable":true,"href":"https:\/\/www.transcampeao.com.br\/index.php?rest_route=%2Fwp%2Fv2%2Fcomments&post=36"}],"version-history":[{"count":16,"href":"https:\/\/www.transcampeao.com.br\/index.php?rest_route=\/wp\/v2\/pages\/36\/revisions"}],"predecessor-version":[{"id":257,"href":"https:\/\/www.transcampeao.com.br\/index.php?rest_route=\/wp\/v2\/pages\/36\/revisions\/257"}],"wp:featuredmedia":[{"embeddable":true,"href":"https:\/\/www.transcampeao.com.br\/index.php?rest_route=\/wp\/v2\/media\/55"}],"wp:attachment":[{"href":"https:\/\/www.transcampeao.com.br\/index.php?rest_route=%2Fwp%2Fv2%2Fmedia&parent=36"}],"curies":[{"name":"wp","href":"https:\/\/api.w.org\/{rel}","templated":true}]}}